{"id":9,"date":"2015-06-05T11:36:46","date_gmt":"2015-06-05T09:36:46","guid":{"rendered":"http:\/\/dolmenweb.net\/?page_id=9"},"modified":"2015-06-05T11:36:46","modified_gmt":"2015-06-05T09:36:46","slug":"privacy-policy-2","status":"publish","type":"page","link":"https:\/\/dolmenweb.it\/?page_id=9","title":{"rendered":"Privacy policy"},"content":{"rendered":"<h3><strong>BASI NORMATIVE<\/strong><\/h3>\n<ul>\n<li>Legge 31 dicembre 1996, n. 675, e successive modificazioni<\/li>\n<li>Legge 31 dicembre 1996, n. 676<\/li>\n<li>Direttiva 95\/46\/CE del Parlamento europeo e del Consiglio, del 24 ottobre 1995<\/li>\n<li>Direttiva 2002\/58\/CE del Parlamento europeo e del Consiglio, del 12 luglio 2002<\/li>\n<li>Decreto legislativo 30 giugno 2003, n. 196 &#8211; Codice in materia di protezione dei dati personali<\/li>\n<\/ul>\n<h3><strong>INFORMATIVA<\/strong><\/h3>\n<p>Informativa ai sensi dell\u00b4art. 13 del D.Lgs. n. 196 del 2003 sul trattamento dei dati personali.<br \/>\nIl D.Lgs. 30 giugno 2003, n. 196, \u00b4Codice in materia di protezione dei dati personali\u00b4, prevede un sistema di garanzie a tutela dei trattamenti che vengono effettuati sui dati personali; qui di seguito si illustra sinteticamente come verranno utilizzati i dati che ci comunicherete:<\/p>\n<ul>\n<li>Presso il titolare del trattamento l\u00b4interessato potr\u00e0, in base all\u00b4art. 7 del D.Lgs. n. 196\/2003, accedere ai propri dati personali per verificarne l\u00b4utilizzo od, eventualmente, per correggerli, aggiornarli nei limiti previsti dalla legge, ovvero per cancellarli od opporsi al loro trattamento, se trattati in violazione di legge.<\/li>\n<li>l\u00b4informativa \u00e8 resa solo per il sito internet di DOLMENWEB e non anche per altri siti web eventualmente consultati dall\u00b4utente tramite link anche se collocati nello spazio disco del server dolmenweb.it\/.<\/li>\n<\/ul>\n<p>Il \u00b4titolare\u00b4 del trattamento<\/p>\n<p>A seguito della consultazione di questo sito possono essere trattati dati relativi a persone identificate o identificabili.<\/p>\n<p>Il \u00b4titolare\u00b4 del loro trattamento \u00e8:<\/p>\n<p>Sig. Giulio Andreoletti<\/p>\n<p>contact: info [at] dolmenweb\u00a0. net<\/p>\n<p>info [at] pec .\u00a0expozeroquindici .\u00a0com<\/p>\n<p>P.IVA 01634200503<\/p>\n<p>REA (PI)\u00a0142586\u00a0del 28\/09\/2002<\/p>\n<p><strong>Luogo di trattamento dei dati<\/strong><\/p>\n<p>I trattamenti connessi ai servizi web di Dolmenweb hanno luogo presso lo studio del Titolare del trattamento.<\/p>\n<p>Qualora la nostra \u00b4privacy policy\u00b4 dovesse subire modifiche nel tempo, anche a seguito di sviluppi legali e\/o tecnologici, tutti i cambiamenti sostanziali nelle pratiche sulla privacy di Dolmenweb , verranno pubblicati ed evidenziati sul nostro sito Web.<\/p>\n<p>Se il cambiamento dovesse coinvolgere anche l\u00b4utilizzo delle informazioni strettamente personali rilasciate dagli utenti, l\u00b4avviso conterr\u00e0 le istruzioni per dissociarsi da tale utilizzo.<\/p>\n<p><strong>Informazioni personali raccolte e loro utilizzo<\/strong><\/p>\n<p>Prima di inserire i Vs. dati vi verr\u00e0 richiesto di accettare questa Privacy policy limitatamente alla fruizione dei servizi del sito compresa la pubblicazione di vostre pagine e\/o vostre fotografie.<\/p>\n<p>Con tale assenso si dichiara di aver preso visione, aver compreso ed aver accettato integralmente quanto presente in questa informativa che riguarda i dati personali forniti dall\u00b4utente al momento della iscrizione a Dolmenweb, nonche\u00b4 quelli ricavati dalle visite e navigazioni nel nostro sito e successivamente forniti dall\u00b4utente per l\u00b4attivazione dei servizi.<\/p>\n<p>Dolmenweb riconosce e tutela il desiderio crescente degli utenti di proteggere le proprie informazioni personali. Le informazioni personali vengono richieste all\u00b4atto della compilazione dei moduli on-line (mail, form, etc.).<\/p>\n<p>I dati inseriti dall\u00b4utente saranno utilizzati da Dolmenweb nel rispetto dei principi di protezione della privacy stabiliti dal Decreto Legislativo n. 196 del 30 giugno 2003 e dalle altre norme vigenti in materia, per il solo scopo di rispondere alle Vs. richieste.<\/p>\n<p>La decisione di procedere con qualsiasi attivit\u00e0 che comporta la richiesta di informazioni personali spetta in ultima istanza a voi, specificandolo nell\u00b4apposito spazio riservato in calce ad ogni modulo, infatti a parte quanto specificato per i dati di navigazione, l\u00b4utente \u00e8 libero di fornire o meno i dati riportati nei moduli di richiesta.<\/p>\n<p>Il loro mancato conferimento pu\u00f2 comportare l\u00b4impossibilit\u00e0 di ottenere quanto richiesto.<\/p>\n<p>I dati sono trattati con strumenti automatizzati solo per il tempo strettamente necessario a conseguire gli scopi per cui sono stati raccolti.<\/p>\n<p>Specifiche misure di sicurezza sono osservate per prevenire la perdita dei dati, usi illeciti o non corretti ed accessi non autorizzati.<\/p>\n<p>Dolmenweb pu\u00f2 sottoporre eventuali dati degli utenti a tutte le operazioni di trattamento individuate dal D. lgs 196\/2003 &#8211; ovvero, alla raccolta, registrazione, organizzazione, conservazione, elaborazione, modifica, selezione, estrazione, raffronto, utilizzo, interconnessione ed ogni altra operazione utile alla fornitura dei servizi richiestici, ivi compresa la comunicazione a terzi, ove necessaria &#8211; con modalit\u00e0 automatizzate ed informatizzate.<\/p>\n<p>Tali dati potranno anche essere organizzati in banche dati o archivi. In particolare, le finalit\u00e0 del trattamento dei dati personali sono le seguenti:<\/p>\n<ul>\n<li>fornire i servizi previsti<\/li>\n<li>verificare la qualit\u00e0 dei servizi offerti<\/li>\n<li>provvedere a tutti gli eventuali adempimenti contabili e fiscali<\/li>\n<li>risalire ad autori di eventuali illeciti solo in caso di specifiche richieste e per conto delle autorit\u00e0 competenti<\/li>\n<\/ul>\n<p>Se non desiderate fornire le informazioni richieste non sar\u00e0 possibile portare a termine la registrazione o le evenutali pratiche per le quali essi necessitano.<\/p>\n<p>Ai sensi dell\u00b4attuale normativa si informa che eventuali dati inseriti nei database esistenti possono essere da Voi modificati o cancellati e che non sussiste l\u00b4obbligo di fornire dati c.d. \u00b4sensibili\u00b4 o\/e \u00b4personali\u00b4.<\/p>\n<p>Per ottenere particolari servizi interattivi vi verr\u00e0 richiesto solamente un indirizzo e-mail che verr\u00e0 conservato in un archivio informatico per l\u00b4accesso alle aree riservate per i servizi richiesti ed elargiti da questo sito web.<\/p>\n<p>Le eventuali informazioni strettamente personali vengono da noi utilizzate nei modi seguenti:<\/p>\n<ul>\n<li>per fornire informazioni riguardanti le novit\u00e0 (nuovi servizi, aggiornamenti, etc.)<\/li>\n<li>per facilitare la creazione di contenuti attinenti al vostro profilo<\/li>\n<li>per segnalarvi offerte speciali che possono risultare di vostro interesse<\/li>\n<li>per coadiuvarci nella creazione di servizi migliori per soddisfare le vostre esigenze<\/li>\n<li>per consentirvi di ottenere l\u00b4accesso a servizi o ad altre attivit\u00e0 di vostra scelta<\/li>\n<\/ul>\n<p><strong>Condivisione delle informazioni<\/strong><\/p>\n<p>I siti web sul nostro spazio, salvo ove diversamente specificato, sono disciplinati da questa privacy policy.<\/p>\n<p>Dolmenweb assicura lo svolgimento di alcune attivit\u00e0 (consulenza, supporto tecnico, etc.) ricorrendo a professionisti e fornitori di servizi esterni.<\/p>\n<p>A questi soggetti richiediamo la massima riservatezza e discrezione nell\u00b4uso delle informazioni personali. Richiediamo inoltre che le informazioni personali vengano utilizzate esclusivamente per conto di Dolmenweb.<\/p>\n<p>Va tenuto presente che in certi casi pu\u00f2 essere necessario che Dolmenweb comunichi le informazioni personali a pubblici ufficiali o altro personale istituzionale come conseguenza di normali obblighi giuridici.<\/p>\n<p>La conoscibilit\u00e0 in rete di dati, di indirizzi email e di recapiti telefonici o altri riferimenti e\/o testi ed immagini, ottenibile tramite i servizi di pubblicazione di pagine web, documenti o altri mezzi resi esterni ad aree riservate, \u00e8 frutto del libero arbitrio del soggetto-utente che ha deciso di realizzare la propria pagina web o il proprio annuncio o quanto altro con i programmi resi disponibili da Dolmenweb e delegati a tali funzioni, e quindi di collocare tali informazioni sul nostro spazio disco; pertanto non vincola Dolmenweb ad adempimento alcuno.<\/p>\n<p>I dati relativi ai servizi web destinati alla comunicazione o alla diffusione, comprese le immagini liberamnte fornite dal soggetto a Dolmenweb, ovvero i dati forniti dagli utenti con tale scopo, sono utilizzati al solo fine di eseguire il servizio o la prestazione richiesta e sono direttamente, dagli utenti stessi, comunicati a terzi a mezzo dei servizi offerti da Dolmenweb alla pari di una comunicazione pubblica tra soggetti.<\/p>\n<p><strong>Diritti degli interessati<\/strong><\/p>\n<p>l\u00b4utente potr\u00e0 esercitare i diritti di cui all\u00b4art. 7, D. lgs . 196\/2003. Dolmenweb informa che, ai sensi dell\u00b4art. 7 della D. lgs . 196\/2003: l\u00b4 utente ha diritto in qualunque momento di ottenere la conferma dell\u00b4esistenza o meno dei medesimi dati e di conoscerne il contenuto e l\u00b4origine, verificarne l\u00b4esattezza o chiederne l\u00b4integrazione o l\u00b4aggiornamento, oppure la rettificazione.<\/p>\n<p>Ai sensi del medesimo articolo si ha il diritto di chiedere la cancellazione, la trasformazione in forma anonima o il blocco dei dati trattati in violazione di legge, nonch\u00e9 di opporsi in ogni caso, per motivi legittimi, al loro trattamento.<\/p>\n<p>Segnatamente<\/p>\n<p>l\u00b4 utente ha diritto di ottenere l\u00b4indicazione:<\/p>\n<ul>\n<li>dell\u00b4origine dei dati personali<\/li>\n<li>delle finalit\u00e0 e modalit\u00e0 del trattamento<\/li>\n<li>della logica applicata in caso di trattamento effettuato con l\u00b4ausilio di strumenti elettronici<\/li>\n<li>degli estremi identificativi del titolare, dei responsabili e del rappresentante designato ai sensi dell\u00b4articolo 5, comma 2<\/li>\n<li>dei soggetti o delle categorie di soggetti ai quali i dati personali possono essere comunicati o che possono venirne a conoscenza in qualit\u00e0 di rappresentante designato nel territorio dello Stato, di responsabili o incaricati<\/li>\n<\/ul>\n<p>l\u00b4 utente ha diritto di ottenere:<\/p>\n<ul>\n<li>l\u00b4aggiornamento, la rettificazione ovvero, quando vi ha interesse, l\u00b4integrazione dei dati<\/li>\n<li>la cancellazione, la trasformazione in forma anonima o il blocco dei dati trattati in violazione di legge, compresi quelli di cui non e\u00b4 necessaria la conservazione in relazione agli scopi per i quali i dati sono stati raccolti o successivamente trattati<\/li>\n<li>l\u00b4attestazione che le operazioni di cui alle lettere a) e b) sono state portate a conoscenza, anche per quanto riguarda il loro contenuto, di coloro ai quali i dati sono stati comunicati o diffusi, eccettuato il caso in cui tale adempimento si rivela impossibile o comporta un impiego di mezzi manifestamente sproporzionato rispetto al diritto tutelato<\/li>\n<\/ul>\n<p>l\u00b4utente ha diritto di opporsi, in tutto o in parte:<\/p>\n<ul>\n<li>per motivi legittimi al trattamento dei dati personali che lo riguardano, ancorche\u00b4 pertinenti allo scopo della raccolta<\/li>\n<li>al trattamento di dati personali che lo riguardano a fini di invio di materiale pubblicitario o di vendita diretta o per il compimento di ricerche di mercato o di comunicazione commerciale<\/li>\n<\/ul>\n<p>Sicurezza e qualit\u00e0 delle informazioni personali<\/p>\n<p>Per proteggere le vostre informazioni personali, abbiamo adottato misure di sicurezza coerenti con le vigenti normative. Tali misure includono provvedimenti tecnici e procedurali volti a proteggere i vostri dati da qualsiasi abuso, accesso o divulgazione non autorizzati, perdita, alterazione o distruzione. Garantiamo il massimo impegno per rispondere alle vostre richieste di aggiornare o correggere le vostre informazioni personali. Se vi accorgete che le vostre informazioni personali a disposizione di Dolmenweb non sono corrette, potete aggiornarle in qualsiasi momento contattandoci prestamente.<\/p>\n<p><strong>Cookie (categorie di cookie installati e le loro finalit\u00e0)<\/strong><\/p>\n<p>Un cookie\u00a0\u00e8 un\u00a0file di testo univoco che puo\u00b4 essere inviato al vostro browser dal sito Web.<\/p>\n<p><strong>Cookie di prima parte<\/strong><\/p>\n<p>Il nostro sito <span style=\"text-decoration: underline;\">utilizza<\/span> cookie tecnici, propri o di CMS ( wordpress, joomla, drupal, ecc) per la sessione, per settare le dimensioni dei font ed eventuali altre preferenze di visualizzazione.<\/p>\n<p>Il server di Dolmenweb utilizza il meccanismo dei \u00b4cookies\u00b4 solo per memorizzare sul client del visitatore un\u00b4informazione temporanea con lo scopo di evitare di ripetere la procedura di accesso ad ogni richiesta di servizi riservati agli utenti.<\/p>\n<p>In alcuni casi Dolmenweb ricorre all\u00b4uso di cookie di sessione (che non vengono memorizzati in modo persistente sul computer dell\u00b4utente e svaniscono con la chiusura del browser) per finalit\u00e0 strettamente limitate alla trasmissione di identificativi di sessione (costituiti da numeri casuali generati dal server) necessari per consentire l\u00b4esplorazione sicura ed efficiente del sito.<\/p>\n<p>I c.d. cookies di sessione utilizzati in questo sito evitano il ricorso ad altre tecniche informatiche potenzialmente pregiudizievoli per la riservatezza della navigazione degli utenti e non consentono mai l\u00b4acquisizione di dati personali identificativi dell\u00b4utente.<\/p>\n<p><strong>Cookie di terze\u00a0parti<\/strong><\/p>\n<p>Per eventuali\u00a0\u00a0cookie di terze parti si rimanda alle rispettive privacy policy:<\/p>\n<p>Facebook:\u00a0<a href=\"https:\/\/www.facebook.com\/policy.php\">https:\/\/www.facebook.com\/policy.php<\/a><\/p>\n<p>Google:\u00a0<a href=\"https:\/\/www.google.com\/policies\/privacy\/\">https:\/\/www.google.com\/policies\/privacy\/<\/a><\/p>\n<p>YouTube:\u00a0<a href=\"https:\/\/www.google.com\/policies\/privacy\/\">https:\/\/www.google.com\/policies\/privacy\/<\/a><\/p>\n<p>Twitter:\u00a0<a href=\"https:\/\/twitter.com\/privacy?lang=it\">https:\/\/twitter.com\/privacy?lang=it<\/a><\/p>\n<p><strong>Cookie di profilazione<\/strong><\/p>\n<p>Non viene fatto uso di cookies allo scopo di inviare pubblicit\u00e0 di servizi mirati e personalizzati (c.d. Behavioural Advertising) n\u00e8 per la trasmissione di informazioni di carattere personale, n\u00e9 vengono utilizzati c.d. cookies persistenti per il tracciamento degli utenti.<\/p>\n<p><strong>Indirizzi Email<\/strong><\/p>\n<p>La loro utilizzazione per scopi promozionali e pubblicitari \u00e8 possibile solo se il soggetto cui riferiscono i dati ha manifestato in precedenza un consenso libero, specifico e informato.<\/p>\n<p>Il consenso \u00e8 necessario anche quando gli indirizzi sono formati ed utilizzati automaticamente con un software senza l\u00b4intervento di un operatore, o in mancanza di una previa verifica della loro attuale attivazione o dell\u00b4identit\u00e0 del destinatario del messaggio, e anche quando gli indirizzi non sono registrati dopo l\u00b4invio dei messaggi.<\/p>\n<p>La circostanza che gli indirizzi di posta elettronica possano essere reperiti con una certa facilit\u00e0 in Internet non comporta il diritto di utilizzarli liberamente per inviare messaggi pubblicitari.<\/p>\n<p>I dati dei singoli utenti che prendono parte ad attivit\u00e0 sul presente portale sono da noi utilizzati per le sole finalit\u00e0 di accesso ai servizi e non vengono utilizzati per fini diversi qualora manchi un consenso specifico.<\/p>\n<p><strong>Traffico del sito Web<\/strong><\/p>\n<p>Dolmenweb si riserva la facolt\u00e0, di interdire ad un qualsiasi indirizzo IP le seguenti attivit\u00e0:<\/p>\n<ul>\n<li>navigazione del sito<\/li>\n<li>utilizzo di moduli e\/o formulari<\/li>\n<li>invio automatizzato di e-mail<\/li>\n<li>accesso ad aree riservate<\/li>\n<\/ul>\n<p>Ci\u00f2 pu\u00f2 comportare che l\u00b4indirizzo IP (non associato per\u00f2 a titolare dell\u00b4indirizzo, date di accesso, nome di dominio, sistema operativo e tipo di browser) venga conservato a tempo indeterminato.<\/p>\n<p><strong>Dati forniti volontariamente dall\u00b4utente<\/strong><\/p>\n<p>l\u00b4invio facoltativo, esplicito e volontario di posta elettronica agli indirizzi indicati su questo sito comporta la successiva acquisizione dell\u00b4indirizzo del mittente, necessario per rispondere alle richieste, nonch\u00e9 degli eventuali altri dati personali inseriti nella missiva.<\/p>\n<p><strong>Collegamenti ad altri siti internet<\/strong><\/p>\n<p>Nelle pagine internet gestite da Dolmenweb possono essere presenti vari collegamenti ad altri siti internet (link) gestiti da altri soggetti.<\/p>\n<p>Dolmenweb non \u00e8 responsabile delle pratiche sulla privacy adottate da tali siti\/soggetti. Consigliamo quindi di leggere le loro dichiarazioni sulla privacy, che potrebbero essere diverse dalla nostra.<\/p>\n<p><strong>Altre considerazioni sulla privacy<\/strong><\/p>\n<p>Va ricordato che le informazioni inviate in un gruppo di discussione o in un forum saranno considerate come informazioni pubbliche e non riservate. In questo tipo di comunicazione vi \u00e8 la possibilit\u00e0 che tali informazioni vengano rilevate e utilizzate da altri. Vi preghiamo quindi di prestare attenzione nel corso delle sessioni in linea.<\/p>\n<p><strong>Informazioni Legali<\/strong><\/p>\n<p>Nonostante i contenuti di queste pagine siano soggetti ad aggiornamento e verifica continua, possono comunque verificarsi errori e\/o omissioni. Tutti gli studi, documenti e fogli di lavoro prelevabili su questo sito sono predisposti con il massimo scrupolo ma l\u00b4utilizzatore \u00e8 sempre tenuto a controllarne l\u00b4esattezza ed \u00e8 responsabile della scelta, dell\u00b4installazione e dell\u00b4utilizzo.<\/p>\n<p>In caso di vizi Dolmenweb non assume alcuna responsabilit\u00e0 per danni diretti, indiretti, particolari, accidentali o consequenziali subiti dall\u00b4utente o da terzi in dipendenza dall\u00b4uso o dal mancato uso del prodotto prelevato.<\/p>\n<p>In nessun caso la responsabilit\u00e0 di Dolmenweb potr\u00e0 eccedere l\u00b4ammontare della somma pagata dall\u00b4utente per il prodotto \/ servizio, ivi compresi quelli gratuiti.<\/p>\n<p>Tutti i diritti relativi ai software ed ai documenti pubblicati sono di titolarit\u00e0 dell\u00b4autore (espressamente indicato). l\u00b4utente non potr\u00e0 in alcun modo distribuire a terzi (n\u00e9 gratuitamente n\u00e9 a titolo oneroso), copiare, alterare, modificare o comunque adattare i software ed i documenti senza il consenso scritto dell\u00b4autore.<\/p>\n<p>Dolmenweb non \u00e8 in alcun modo responsabile dei siti Web a cui doveste accedere tramite il presente sito. Quando accedete tramite link ad un sito Web esterno, ricordate che esso \u00e8 indipendente da Dolmenweb e che quest\u00b4ultimo non ha alcun controllo sul contenuto del sito in questione. Inoltre, l\u00b4esistenza di un collegamento ipertestuale (link) verso un sito esterno non comporta l\u00b4approvazione o un\u00b4accettazione di responsabilit\u00e0 da parte di Dolmenweb circa il contenuto o l\u00b4utilizzazione di detto sito. \u00e8 vostra responsabilit\u00e0 prendere ogni necessaria precauzione per assicurarvi che qualsiasi cosa decidiate di prelevare e utilizzare sia privo di elementi di carattere distruttivo quali ad esempio virus od altri sistemi potenzialmente dannosi.<\/p>\n","protected":false},"excerpt":{"rendered":"<p>BASI NORMATIVE Legge 31 dicembre 1996, n. 675, e successive modificazioni Legge 31 dicembre 1996, n. 676 Direttiva 95\/46\/CE del Parlamento europeo e del Consiglio, del 24 ottobre 1995 Direttiva 2002\/58\/CE del Parlamento europeo e del Consiglio, del 12 luglio 2002 Decreto legislativo 30 giugno 2003, n. 196 &#8211; Codice in materia di protezione dei [&hellip;]<\/p>\n","protected":false},"author":1,"featured_media":0,"parent":0,"menu_order":4,"comment_status":"open","ping_status":"closed","template":"","meta":{"footnotes":""},"class_list":["post-9","page","type-page","status-publish","hentry"],"_links":{"self":[{"href":"https:\/\/dolmenweb.it\/index.php?rest_route=\/wp\/v2\/pages\/9","targetHints":{"allow":["GET"]}}],"collection":[{"href":"https:\/\/dolmenweb.it\/index.php?rest_route=\/wp\/v2\/pages"}],"about":[{"href":"https:\/\/dolmenweb.it\/index.php?rest_route=\/wp\/v2\/types\/page"}],"author":[{"embeddable":true,"href":"https:\/\/dolmenweb.it\/index.php?rest_route=\/wp\/v2\/users\/1"}],"replies":[{"embeddable":true,"href":"https:\/\/dolmenweb.it\/index.php?rest_route=%2Fwp%2Fv2%2Fcomments&post=9"}],"version-history":[{"count":0,"href":"https:\/\/dolmenweb.it\/index.php?rest_route=\/wp\/v2\/pages\/9\/revisions"}],"wp:attachment":[{"href":"https:\/\/dolmenweb.it\/index.php?rest_route=%2Fwp%2Fv2%2Fmedia&parent=9"}],"curies":[{"name":"wp","href":"https:\/\/api.w.org\/{rel}","templated":true}]}}